{"id":841,"date":"2020-11-25T15:50:14","date_gmt":"2020-11-25T15:50:14","guid":{"rendered":"https:\/\/kaellaladoula.com\/?page_id=841"},"modified":"2025-07-31T15:46:32","modified_gmt":"2025-07-31T15:46:32","slug":"my-services-fr","status":"publish","type":"page","link":"https:\/\/kaellaladoula.com\/fr\/my-services-fr\/","title":{"rendered":"My services- fr"},"content":{"rendered":"\t\t<div data-elementor-type=\"wp-page\" data-elementor-id=\"841\" class=\"elementor elementor-841 elementor-159\" data-elementor-post-type=\"page\">\n\t\t\t\t\t\t<section class=\"elementor-section elementor-top-section elementor-element elementor-element-44253c0 elementor-section-boxed elementor-section-height-default elementor-section-height-default\" data-id=\"44253c0\" data-element_type=\"section\" data-e-type=\"section\">\n\t\t\t\t\t\t<div class=\"elementor-container elementor-column-gap-default\">\n\t\t\t\t\t<div class=\"elementor-column elementor-col-100 elementor-top-column elementor-element elementor-element-e1d69c8\" data-id=\"e1d69c8\" data-element_type=\"column\" data-e-type=\"column\">\n\t\t\t<div class=\"elementor-widget-wrap elementor-element-populated\">\n\t\t\t\t\t\t<div class=\"elementor-element elementor-element-cd6a6cd elementor-widget elementor-widget-heading\" data-id=\"cd6a6cd\" data-element_type=\"widget\" data-e-type=\"widget\" data-widget_type=\"heading.default\">\n\t\t\t\t<div class=\"elementor-widget-container\">\n\t\t\t\t\t<h2 class=\"elementor-heading-title elementor-size-default\">\ud83c\udf3f Mise \u00e0 jour \u2013 Mes services de doula sont maintenant offerts via Cr\u00e9ations Partage \n\n<\/h2>\t\t\t\t<\/div>\n\t\t\t\t<\/div>\n\t\t\t\t<div class=\"elementor-element elementor-element-782310a elementor-widget elementor-widget-text-editor\" data-id=\"782310a\" data-element_type=\"widget\" data-e-type=\"widget\" data-widget_type=\"text-editor.default\">\n\t\t\t\t<div class=\"elementor-widget-container\">\n\t\t\t\t\t\t\t\t\t<p data-start=\"145\" data-end=\"388\">Je passe d\u00e9sormais par <a href=\"https:\/\/creationspartage.com\/doula-fr\/\" target=\"_blank\" rel=\"noopener\"><strong data-start=\"168\" data-end=\"189\">Cr\u00e9ations Partage<\/strong><\/a>, la coop\u00e9rative que j\u2019ai cofond\u00e9e, pour accompagner mes client\u00b7e\u00b7s. Ce changement me permet d\u2019offrir un soutien toujours aussi chaleureux et inclusif, au sein d\u2019un espace communautaire bienveillant.<\/p><p data-start=\"390\" data-end=\"582\">Tu peux consulter tous les d\u00e9tails et me contacter directement ici :<\/p>\t\t\t\t\t\t\t\t<\/div>\n\t\t\t\t<\/div>\n\t\t\t\t<div class=\"elementor-element elementor-element-8f099c7 elementor-align-center elementor-widget elementor-widget-button\" data-id=\"8f099c7\" data-element_type=\"widget\" data-e-type=\"widget\" data-widget_type=\"button.default\">\n\t\t\t\t<div class=\"elementor-widget-container\">\n\t\t\t\t\t\t\t\t\t<div class=\"elementor-button-wrapper\">\n\t\t\t\t\t<a class=\"elementor-button elementor-button-link elementor-size-sm\" href=\"https:\/\/creationspartage.com\/doula-fr\/\" target=\"_blank\" rel=\"noopener\">\n\t\t\t\t\t\t<span class=\"elementor-button-content-wrapper\">\n\t\t\t\t\t\t\t\t\t<span class=\"elementor-button-text\">Ici pour la page doula de la coop!<\/span>\n\t\t\t\t\t<\/span>\n\t\t\t\t\t<\/a>\n\t\t\t\t<\/div>\n\t\t\t\t\t\t\t\t<\/div>\n\t\t\t\t<\/div>\n\t\t\t\t<div class=\"elementor-element elementor-element-f6cad20 elementor-widget elementor-widget-text-editor\" data-id=\"f6cad20\" data-element_type=\"widget\" data-e-type=\"widget\" data-widget_type=\"text-editor.default\">\n\t\t\t\t<div class=\"elementor-widget-container\">\n\t\t\t\t\t\t\t\t\t<p>Au plaisir de te retrouver l\u00e0-bas \ud83d\udc9b<\/p>\t\t\t\t\t\t\t\t<\/div>\n\t\t\t\t<\/div>\n\t\t\t\t\t<\/div>\n\t\t<\/div>\n\t\t\t\t\t<\/div>\n\t\t<\/section>\n\t\t\t\t<section class=\"elementor-section elementor-top-section elementor-element elementor-element-2039697 elementor-section-boxed elementor-section-height-default elementor-section-height-default\" data-id=\"2039697\" data-element_type=\"section\" data-e-type=\"section\">\n\t\t\t\t\t\t<div class=\"elementor-container elementor-column-gap-default\">\n\t\t\t\t\t<div class=\"elementor-column elementor-col-100 elementor-top-column elementor-element elementor-element-67f315a\" data-id=\"67f315a\" data-element_type=\"column\" data-e-type=\"column\">\n\t\t\t<div class=\"elementor-widget-wrap elementor-element-populated\">\n\t\t\t\t\t\t<div class=\"elementor-element elementor-element-31e6f0e elementor-widget-divider--view-line elementor-widget elementor-widget-divider\" data-id=\"31e6f0e\" data-element_type=\"widget\" data-e-type=\"widget\" data-widget_type=\"divider.default\">\n\t\t\t\t<div class=\"elementor-widget-container\">\n\t\t\t\t\t\t\t<div class=\"elementor-divider\">\n\t\t\t<span class=\"elementor-divider-separator\">\n\t\t\t\t\t\t<\/span>\n\t\t<\/div>\n\t\t\t\t\t\t<\/div>\n\t\t\t\t<\/div>\n\t\t\t\t\t<\/div>\n\t\t<\/div>\n\t\t\t\t\t<\/div>\n\t\t<\/section>\n\t\t\t\t<section class=\"elementor-section elementor-top-section elementor-element elementor-element-8851557 elementor-section-boxed elementor-section-height-default elementor-section-height-default\" data-id=\"8851557\" data-element_type=\"section\" data-e-type=\"section\">\n\t\t\t\t\t\t<div class=\"elementor-container elementor-column-gap-default\">\n\t\t\t\t\t<div class=\"elementor-column elementor-col-25 elementor-top-column elementor-element elementor-element-c48a31a\" data-id=\"c48a31a\" data-element_type=\"column\" data-e-type=\"column\">\n\t\t\t<div class=\"elementor-widget-wrap elementor-element-populated\">\n\t\t\t\t\t\t<div class=\"elementor-element elementor-element-ba11aa8 elementor-widget elementor-widget-image\" data-id=\"ba11aa8\" data-element_type=\"widget\" data-e-type=\"widget\" data-widget_type=\"image.default\">\n\t\t\t\t<div class=\"elementor-widget-container\">\n\t\t\t\t\t\t\t\t\t\t\t\t\t\t\t<img fetchpriority=\"high\" decoding=\"async\" width=\"2560\" height=\"2048\" src=\"http:\/\/kaellaladoula.com\/wp-content\/uploads\/2020\/11\/Pregnancy-Pic-1.png\" class=\"attachment-full size-full wp-image-818\" alt=\"\" srcset=\"http:\/\/kaellaladoula.com\/wp-content\/uploads\/2020\/11\/Pregnancy-Pic-1.png 2560w, http:\/\/kaellaladoula.com\/wp-content\/uploads\/2020\/11\/Pregnancy-Pic-1-300x240.png 300w, http:\/\/kaellaladoula.com\/wp-content\/uploads\/2020\/11\/Pregnancy-Pic-1-1024x819.png 1024w, http:\/\/kaellaladoula.com\/wp-content\/uploads\/2020\/11\/Pregnancy-Pic-1-768x614.png 768w, http:\/\/kaellaladoula.com\/wp-content\/uploads\/2020\/11\/Pregnancy-Pic-1-1536x1229.png 1536w, http:\/\/kaellaladoula.com\/wp-content\/uploads\/2020\/11\/Pregnancy-Pic-1-2048x1638.png 2048w, http:\/\/kaellaladoula.com\/wp-content\/uploads\/2020\/11\/Pregnancy-Pic-1-1200x960.png 1200w, http:\/\/kaellaladoula.com\/wp-content\/uploads\/2020\/11\/Pregnancy-Pic-1-1980x1584.png 1980w\" sizes=\"(max-width: 2560px) 100vw, 2560px\" \/>\t\t\t\t\t\t\t\t\t\t\t\t\t\t\t<\/div>\n\t\t\t\t<\/div>\n\t\t\t\t<div class=\"elementor-element elementor-element-d84f2e6 elementor-widget elementor-widget-heading\" data-id=\"d84f2e6\" data-element_type=\"widget\" data-e-type=\"widget\" data-widget_type=\"heading.default\">\n\t\t\t\t<div class=\"elementor-widget-container\">\n\t\t\t\t\t<h2 class=\"elementor-heading-title elementor-size-default\">Cours pr\u00e9nataux<\/h2>\t\t\t\t<\/div>\n\t\t\t\t<\/div>\n\t\t\t\t<div class=\"elementor-element elementor-element-7164767 elementor-widget elementor-widget-text-editor\" data-id=\"7164767\" data-element_type=\"widget\" data-e-type=\"widget\" data-widget_type=\"text-editor.default\">\n\t\t\t\t<div class=\"elementor-widget-container\">\n\t\t\t\t\t\t\t\t\t<p>En tant qu&rsquo;\u00e9ducatrice p\u00e9rinatale, je propose des cours priv\u00e9s de pr\u00e9paration \u00e0 l&rsquo;accouchement personnalis\u00e9s selon vos besoins. Certains des sujets abord\u00e9s seront: la grossesse, les techniques de confort de naissance, les positions de naissance, les soins aux nouveau-n\u00e9s, l&rsquo;alimentation du b\u00e9b\u00e9, etc.<\/p>\t\t\t\t\t\t\t\t<\/div>\n\t\t\t\t<\/div>\n\t\t\t\t\t<\/div>\n\t\t<\/div>\n\t\t\t\t<div class=\"elementor-column elementor-col-25 elementor-top-column elementor-element elementor-element-9711e17\" data-id=\"9711e17\" data-element_type=\"column\" data-e-type=\"column\">\n\t\t\t<div class=\"elementor-widget-wrap elementor-element-populated\">\n\t\t\t\t\t\t<div class=\"elementor-element elementor-element-dca35a0 elementor-widget elementor-widget-image\" data-id=\"dca35a0\" data-element_type=\"widget\" data-e-type=\"widget\" data-widget_type=\"image.default\">\n\t\t\t\t<div class=\"elementor-widget-container\">\n\t\t\t\t\t\t\t\t\t\t\t\t\t\t\t<img decoding=\"async\" width=\"900\" height=\"720\" src=\"http:\/\/kaellaladoula.com\/wp-content\/uploads\/2020\/11\/Birth-pic-e1606235134717.png\" class=\"attachment-full size-full wp-image-711\" alt=\"\" \/>\t\t\t\t\t\t\t\t\t\t\t\t\t\t\t<\/div>\n\t\t\t\t<\/div>\n\t\t\t\t<div class=\"elementor-element elementor-element-91242db elementor-widget elementor-widget-heading\" data-id=\"91242db\" data-element_type=\"widget\" data-e-type=\"widget\" data-widget_type=\"heading.default\">\n\t\t\t\t<div class=\"elementor-widget-container\">\n\t\t\t\t\t<h2 class=\"elementor-heading-title elementor-size-default\">Support \u00e0 la naissance<\/h2>\t\t\t\t<\/div>\n\t\t\t\t<\/div>\n\t\t\t\t<div class=\"elementor-element elementor-element-61e0ba5 elementor-widget elementor-widget-text-editor\" data-id=\"61e0ba5\" data-element_type=\"widget\" data-e-type=\"widget\" data-widget_type=\"text-editor.default\">\n\t\t\t\t<div class=\"elementor-widget-container\">\n\t\t\t\t\t\t\t\t\t<p>En tant qu&rsquo;accompagnante \u00e0 la naissance, je suis l\u00e0 pour vous apporter un soutien physique, \u00e9motionnel et informationnel. Je suis form\u00e9 pour fournir des techniques de confort efficaces et vous soutenir dans vos besoins.<\/p>\t\t\t\t\t\t\t\t<\/div>\n\t\t\t\t<\/div>\n\t\t\t\t\t<\/div>\n\t\t<\/div>\n\t\t\t\t<div class=\"elementor-column elementor-col-25 elementor-top-column elementor-element elementor-element-6f31ee5\" data-id=\"6f31ee5\" data-element_type=\"column\" data-e-type=\"column\">\n\t\t\t<div class=\"elementor-widget-wrap elementor-element-populated\">\n\t\t\t\t\t\t<div class=\"elementor-element elementor-element-c85857c elementor-widget elementor-widget-image\" data-id=\"c85857c\" data-element_type=\"widget\" data-e-type=\"widget\" data-widget_type=\"image.default\">\n\t\t\t\t<div class=\"elementor-widget-container\">\n\t\t\t\t\t\t\t\t\t\t\t\t\t\t\t<img decoding=\"async\" width=\"580\" height=\"387\" src=\"http:\/\/kaellaladoula.com\/wp-content\/uploads\/2020\/11\/LEM_8664.jpg\" class=\"attachment-large size-large wp-image-806\" alt=\"\" srcset=\"http:\/\/kaellaladoula.com\/wp-content\/uploads\/2020\/11\/LEM_8664.jpg 1024w, http:\/\/kaellaladoula.com\/wp-content\/uploads\/2020\/11\/LEM_8664-300x200.jpg 300w, http:\/\/kaellaladoula.com\/wp-content\/uploads\/2020\/11\/LEM_8664-768x513.jpg 768w\" sizes=\"(max-width: 580px) 100vw, 580px\" \/>\t\t\t\t\t\t\t\t\t\t\t\t\t\t\t<\/div>\n\t\t\t\t<\/div>\n\t\t\t\t<div class=\"elementor-element elementor-element-ced3e6d elementor-widget elementor-widget-heading\" data-id=\"ced3e6d\" data-element_type=\"widget\" data-e-type=\"widget\" data-widget_type=\"heading.default\">\n\t\t\t\t<div class=\"elementor-widget-container\">\n\t\t\t\t\t<h2 class=\"elementor-heading-title elementor-size-default\">Support postpartum<\/h2>\t\t\t\t<\/div>\n\t\t\t\t<\/div>\n\t\t\t\t<div class=\"elementor-element elementor-element-7cfc8cf elementor-widget elementor-widget-text-editor\" data-id=\"7cfc8cf\" data-element_type=\"widget\" data-e-type=\"widget\" data-widget_type=\"text-editor.default\">\n\t\t\t\t<div class=\"elementor-widget-container\">\n\t\t\t\t\t\t\t\t\t<p>Pendant mes visites postpartum, je suis disponible pour vous soutenir, vous et votre famille, de toutes les mani\u00e8res dont vous pourriez avoir besoin. Je peux fournir un soutien \u00e0 l&rsquo;allaitement, pr\u00e9parer des repas l\u00e9gers pour votre famille, plier votre linge ou tenir votre nouveau-n\u00e9 pendant que vous vous reposez.<\/p>\t\t\t\t\t\t\t\t<\/div>\n\t\t\t\t<\/div>\n\t\t\t\t\t<\/div>\n\t\t<\/div>\n\t\t\t\t<div class=\"elementor-column elementor-col-25 elementor-top-column elementor-element elementor-element-254f601\" data-id=\"254f601\" data-element_type=\"column\" data-e-type=\"column\">\n\t\t\t<div class=\"elementor-widget-wrap elementor-element-populated\">\n\t\t\t\t\t\t<div class=\"elementor-element elementor-element-bef7a33 elementor-widget elementor-widget-image\" data-id=\"bef7a33\" data-element_type=\"widget\" data-e-type=\"widget\" data-widget_type=\"image.default\">\n\t\t\t\t<div class=\"elementor-widget-container\">\n\t\t\t\t\t\t\t\t\t\t\t\t\t\t\t<img loading=\"lazy\" decoding=\"async\" width=\"900\" height=\"900\" src=\"http:\/\/kaellaladoula.com\/wp-content\/uploads\/2020\/11\/Untitled-design-e1606235206718.png\" class=\"attachment-full size-full wp-image-754\" alt=\"\" \/>\t\t\t\t\t\t\t\t\t\t\t\t\t\t\t<\/div>\n\t\t\t\t<\/div>\n\t\t\t\t<div class=\"elementor-element elementor-element-beaa2e4 elementor-widget elementor-widget-heading\" data-id=\"beaa2e4\" data-element_type=\"widget\" data-e-type=\"widget\" data-widget_type=\"heading.default\">\n\t\t\t\t<div class=\"elementor-widget-container\">\n\t\t\t\t\t<h2 class=\"elementor-heading-title elementor-size-default\">Marraine d'allaitement<\/h2>\t\t\t\t<\/div>\n\t\t\t\t<\/div>\n\t\t\t\t<div class=\"elementor-element elementor-element-4182f28 elementor-widget elementor-widget-text-editor\" data-id=\"4182f28\" data-element_type=\"widget\" data-e-type=\"widget\" data-widget_type=\"text-editor.default\">\n\t\t\t\t<div class=\"elementor-widget-container\">\n\t\t\t\t\t\t\t\t\t<p>Vous avez des questions sur votre parcours d&rsquo;allaitement? Vous avez besoin d&rsquo;en parler \u00e0 quelqu&rsquo;un? Vous avez besoin de quelqu&rsquo;un pour v\u00e9rifier la position et la prise du sein du b\u00e9b\u00e9? J&rsquo;offre ce support gratuitement.<\/p>\t\t\t\t\t\t\t\t<\/div>\n\t\t\t\t<\/div>\n\t\t\t\t\t<\/div>\n\t\t<\/div>\n\t\t\t\t\t<\/div>\n\t\t<\/section>\n\t\t\t\t<section class=\"elementor-section elementor-top-section elementor-element elementor-element-2d5fdf6 elementor-section-boxed elementor-section-height-default elementor-section-height-default\" data-id=\"2d5fdf6\" data-element_type=\"section\" data-e-type=\"section\">\n\t\t\t\t\t\t<div class=\"elementor-container elementor-column-gap-default\">\n\t\t\t\t\t<div class=\"elementor-column elementor-col-100 elementor-top-column elementor-element elementor-element-b6ce33d\" data-id=\"b6ce33d\" data-element_type=\"column\" data-e-type=\"column\">\n\t\t\t<div class=\"elementor-widget-wrap elementor-element-populated\">\n\t\t\t\t\t\t<div class=\"elementor-element elementor-element-0b1e992 elementor-widget elementor-widget-spacer\" data-id=\"0b1e992\" data-element_type=\"widget\" data-e-type=\"widget\" data-widget_type=\"spacer.default\">\n\t\t\t\t<div class=\"elementor-widget-container\">\n\t\t\t\t\t\t\t<div class=\"elementor-spacer\">\n\t\t\t<div class=\"elementor-spacer-inner\"><\/div>\n\t\t<\/div>\n\t\t\t\t\t\t<\/div>\n\t\t\t\t<\/div>\n\t\t\t\t\t<\/div>\n\t\t<\/div>\n\t\t\t\t\t<\/div>\n\t\t<\/section>\n\t\t\t\t<\/div>\n\t\t","protected":false},"excerpt":{"rendered":"<p>\ud83c\udf3f Mise \u00e0 jour \u2013 Mes services de doula sont maintenant offerts via Cr\u00e9ations Partage Je passe d\u00e9sormais par Cr\u00e9ations Partage, la coop\u00e9rative que j\u2019ai cofond\u00e9e, pour accompagner mes client\u00b7e\u00b7s. Ce changement me permet d\u2019offrir un soutien toujours aussi chaleureux et inclusif, au sein d\u2019un espace communautaire bienveillant. Tu peux consulter tous les d\u00e9tails et [&hellip;]<\/p>\n","protected":false},"author":1,"featured_media":0,"parent":0,"menu_order":0,"comment_status":"closed","ping_status":"closed","template":"elementor_header_footer","meta":{"_monsterinsights_skip_tracking":false,"_monsterinsights_sitenote_active":false,"_monsterinsights_sitenote_note":"","_monsterinsights_sitenote_category":0,"footnotes":""},"class_list":["post-841","page","type-page","status-publish","hentry"],"_links":{"self":[{"href":"https:\/\/kaellaladoula.com\/fr\/wp-json\/wp\/v2\/pages\/841","targetHints":{"allow":["GET"]}}],"collection":[{"href":"https:\/\/kaellaladoula.com\/fr\/wp-json\/wp\/v2\/pages"}],"about":[{"href":"https:\/\/kaellaladoula.com\/fr\/wp-json\/wp\/v2\/types\/page"}],"author":[{"embeddable":true,"href":"https:\/\/kaellaladoula.com\/fr\/wp-json\/wp\/v2\/users\/1"}],"replies":[{"embeddable":true,"href":"https:\/\/kaellaladoula.com\/fr\/wp-json\/wp\/v2\/comments?post=841"}],"version-history":[{"count":23,"href":"https:\/\/kaellaladoula.com\/fr\/wp-json\/wp\/v2\/pages\/841\/revisions"}],"predecessor-version":[{"id":1703,"href":"https:\/\/kaellaladoula.com\/fr\/wp-json\/wp\/v2\/pages\/841\/revisions\/1703"}],"wp:attachment":[{"href":"https:\/\/kaellaladoula.com\/fr\/wp-json\/wp\/v2\/media?parent=841"}],"curies":[{"name":"wp","href":"https:\/\/api.w.org\/{rel}","templated":true}]}}